{"id":2000,"date":"2026-03-29T15:48:56","date_gmt":"2026-03-29T15:48:56","guid":{"rendered":"https:\/\/www.muka.eus\/?page_id=2000"},"modified":"2026-03-29T15:48:56","modified_gmt":"2026-03-29T15:48:56","slug":"faq","status":"publish","type":"page","link":"https:\/\/www.muka.eus\/fr\/mariages-et-evenements\/faq\/","title":{"rendered":"FAQ"},"content":{"rendered":"<h3>1. Quelle est la capacit\u00e9 du restaurant ?<\/h3>\n<p>MUKA propose un espace spacieux et polyvalent pouvant accueillir jusqu\u2019\u00e0 170 invit\u00e9s en format banquet et 200 personnes en format cocktail, en garantissant toujours du confort et une exp\u00e9rience soign\u00e9e dans les moindres d\u00e9tails.<\/p>\n<h3>2. Disposez-vous d\u2019un espace ext\u00e9rieur ou d\u2019une terrasse ?<\/h3>\n<p>Le restaurant dispose d\u2019une terrasse spacieuse et lumineuse offrant une vue privil\u00e9gi\u00e9e sur le fleuve Urumea et des sites embl\u00e9matiques tels que l\u2019H\u00f4tel Mar\u00eda Cristina et le Th\u00e9\u00e2tre Victoria Eugenia.<\/p>\n<h3>3. Peut-on c\u00e9l\u00e9brer la c\u00e9r\u00e9monie dans le restaurant ?<\/h3>\n<p>Sous r\u00e9serve de conditions m\u00e9t\u00e9orologiques favorables, la c\u00e9r\u00e9monie peut avoir lieu sur la terrasse.<\/p>\n<h3>4. Organisons-nous des mariages sous forme de cocktail ?<\/h3>\n<p>Nous organisons des mariages type cocktail, avec un minimum habituel de 60 personnes. Cependant, chaque proposition est \u00e9tudi\u00e9e de mani\u00e8re personnalis\u00e9e. Nous proposons \u00e9galement diff\u00e9rentes options de buffet tardif pour prolonger la f\u00eate et surprendre les invit\u00e9s dans les derniers moments de la soir\u00e9e.<\/p>\n<h3>5. Les menus peuvent-ils \u00eatre personnalis\u00e9s ?<\/h3>\n<p>Nous nous adaptons aussi bien aux go\u00fbts et aux attentes de chaque couple qu\u2019\u00e0 tout type d\u2019allergie, d\u2019intol\u00e9rance ou de pr\u00e9f\u00e9rence alimentaire (sans gluten, v\u00e9g\u00e9tarien, v\u00e9gan, etc.), en soignant chaque d\u00e9tail afin que tous les invit\u00e9s puissent en profiter pleinement.<br \/>\nNous incluons une invitation pour six personnes \u00e0 une d\u00e9gustation de diff\u00e9rents menus, afin que vous puissiez d\u00e9finir et adapter la proposition selon vos envies.<\/p>\n<h3>6. Que comprend le prix du menu ?<\/h3>\n<p>Notre proposition est con\u00e7ue pour que vous n\u2019ayez \u00e0 vous soucier de rien. Le prix du menu comprend le cocktail de bienvenue, le menu du banquet, la d\u00e9coration florale des tables, le linge de table, la papeterie personnalis\u00e9e (menus et plan de table), les boissons pendant le cocktail et le banquet, une coupe de cava pour le toast au moment du dessert, ainsi qu\u2019une coupe ou un cocktail pour prolonger la c\u00e9l\u00e9bration.<\/p>\n<h3>7. Disposez-vous de votre propre cuisine ?<\/h3>\n<p>Chez MUKA, nous disposons de notre propre cuisine ainsi que d\u2019une \u00e9quipe de cuisine et de salle forte de plus de 20 ans d\u2019exp\u00e9rience dans l\u2019organisation de mariages et de grandes c\u00e9l\u00e9brations. Un parcours qui se traduit par l\u2019excellence, la coordination et le professionnalisme.<\/p>\n<h3>8. \u00c0 partir de quel prix puis-je r\u00e9server mon menu ?<\/h3>\n<p>Nous proposons des cocktails de mariage \u00e0 partir de 105 \u20ac par personne et des menus de banquet \u00e0 partir de 119 \u20ac, avec toujours la possibilit\u00e9 d\u2019adapter la proposition \u00e0 votre style et \u00e0 l\u2019exp\u00e9rience que vous souhaitez offrir \u00e0 vos invit\u00e9(e)s.<\/p>\n<h3>9. Organisez-vous plus d\u2019un mariage par jour ?<\/h3>\n<p>Chez MUKA, nous c\u00e9l\u00e9brons un seul mariage par jour. L\u2019espace et l\u2019\u00e9quipe sont enti\u00e8rement d\u00e9di\u00e9s \u00e0 votre c\u00e9l\u00e9bration afin de garantir une exp\u00e9rience unique et personnalis\u00e9e.<\/p>\n<h3>10. Disposez-vous d\u2019un parking ?<\/h3>\n<p>Le Kursaal dispose d\u2019un parking (payant) pour plus de confort pour vos invit\u00e9s.<\/p>\n<h3>11. Est-il possible d\u2019organiser une pr\u00e9-r\u00e9ception et une post-r\u00e9ception avec un menu ou un cocktail sp\u00e9cial ?<\/h3>\n<p>Oui. Nous proposons des options de pr\u00e9-r\u00e9ception et de post-r\u00e9ception aussi bien chez MUKA que chez Topa Sukalderia, deux espaces du Groupe IXO, avec des menus et des cocktails con\u00e7us pour continuer \u00e0 c\u00e9l\u00e9brer avant et apr\u00e8s le grand jour.<\/p>\n","protected":false},"excerpt":{"rendered":"<p>1. Quelle est la capacit\u00e9 du restaurant ? MUKA propose un espace spacieux et polyvalent pouvant accueillir jusqu\u2019\u00e0 170 invit\u00e9s en format banquet et 200 personnes en format cocktail, en garantissant toujours du confort et une exp\u00e9rience soign\u00e9e dans les moindres d\u00e9tails. 2. Disposez-vous d\u2019un espace ext\u00e9rieur ou d\u2019une terrasse ? Le restaurant dispose d\u2019une [&hellip;]<\/p>\n","protected":false},"author":5,"featured_media":0,"parent":1988,"menu_order":0,"comment_status":"closed","ping_status":"closed","template":"page-bodasyeventos-faq.php","meta":{"_acf_changed":false,"footnotes":""},"class_list":["post-2000","page","type-page","status-publish","hentry"],"acf":[],"yoast_head":"<!-- This site is optimized with the Yoast SEO plugin v26.6 - https:\/\/yoast.com\/wordpress\/plugins\/seo\/ -->\n<title>FAQ | Muka<\/title>\n<meta name=\"robots\" content=\"index, follow, max-snippet:-1, max-image-preview:large, max-video-preview:-1\" \/>\n<link rel=\"canonical\" href=\"https:\/\/www.muka.eus\/fr\/mariages-et-evenements\/faq\/\" \/>\n<meta property=\"og:locale\" content=\"fr_FR\" \/>\n<meta property=\"og:type\" content=\"article\" \/>\n<meta property=\"og:title\" content=\"FAQ | Muka\" \/>\n<meta property=\"og:description\" content=\"1. Quelle est la capacit\u00e9 du restaurant ? MUKA propose un espace spacieux et polyvalent pouvant accueillir jusqu\u2019\u00e0 170 invit\u00e9s en format banquet et 200 personnes en format cocktail, en garantissant toujours du confort et une exp\u00e9rience soign\u00e9e dans les moindres d\u00e9tails. 2. Disposez-vous d\u2019un espace ext\u00e9rieur ou d\u2019une terrasse ? Le restaurant dispose d\u2019une [&hellip;]\" \/>\n<meta property=\"og:url\" content=\"https:\/\/www.muka.eus\/fr\/mariages-et-evenements\/faq\/\" \/>\n<meta property=\"og:site_name\" content=\"Muka\" \/>\n<meta property=\"article:publisher\" content=\"https:\/\/www.facebook.com\/MUKAdonostia\" \/>\n<meta property=\"og:image\" content=\"https:\/\/www.muka.eus\/wp-content\/uploads\/2022\/07\/Muka.png\" \/>\n\t<meta property=\"og:image:width\" content=\"1446\" \/>\n\t<meta property=\"og:image:height\" content=\"578\" \/>\n\t<meta property=\"og:image:type\" content=\"image\/png\" \/>\n<meta name=\"twitter:card\" content=\"summary_large_image\" \/>\n<meta name=\"twitter:label1\" content=\"Dur\u00e9e de lecture estim\u00e9e\" \/>\n\t<meta name=\"twitter:data1\" content=\"3 minutes\" \/>\n<script type=\"application\/ld+json\" class=\"yoast-schema-graph\">{\"@context\":\"https:\/\/schema.org\",\"@graph\":[{\"@type\":\"WebPage\",\"@id\":\"https:\/\/www.muka.eus\/fr\/mariages-et-evenements\/faq\/\",\"url\":\"https:\/\/www.muka.eus\/fr\/mariages-et-evenements\/faq\/\",\"name\":\"FAQ | Muka\",\"isPartOf\":{\"@id\":\"https:\/\/www.muka.eus\/fr\/#website\"},\"datePublished\":\"2026-03-29T15:48:56+00:00\",\"breadcrumb\":{\"@id\":\"https:\/\/www.muka.eus\/fr\/mariages-et-evenements\/faq\/#breadcrumb\"},\"inLanguage\":\"fr-FR\",\"potentialAction\":[{\"@type\":\"ReadAction\",\"target\":[\"https:\/\/www.muka.eus\/fr\/mariages-et-evenements\/faq\/\"]}]},{\"@type\":\"BreadcrumbList\",\"@id\":\"https:\/\/www.muka.eus\/fr\/mariages-et-evenements\/faq\/#breadcrumb\",\"itemListElement\":[{\"@type\":\"ListItem\",\"position\":1,\"name\":\"Portada\",\"item\":\"https:\/\/www.muka.eus\/fr\/inicio\/\"},{\"@type\":\"ListItem\",\"position\":2,\"name\":\"Mariages et \u00e9v\u00e9nements\",\"item\":\"https:\/\/www.muka.eus\/fr\/mariages-et-evenements\/\"},{\"@type\":\"ListItem\",\"position\":3,\"name\":\"FAQ\"}]},{\"@type\":\"WebSite\",\"@id\":\"https:\/\/www.muka.eus\/fr\/#website\",\"url\":\"https:\/\/www.muka.eus\/fr\/\",\"name\":\"Muka\",\"description\":\"\",\"publisher\":{\"@id\":\"https:\/\/www.muka.eus\/fr\/#organization\"},\"potentialAction\":[{\"@type\":\"SearchAction\",\"target\":{\"@type\":\"EntryPoint\",\"urlTemplate\":\"https:\/\/www.muka.eus\/fr\/?s={search_term_string}\"},\"query-input\":{\"@type\":\"PropertyValueSpecification\",\"valueRequired\":true,\"valueName\":\"search_term_string\"}}],\"inLanguage\":\"fr-FR\"},{\"@type\":\"Organization\",\"@id\":\"https:\/\/www.muka.eus\/fr\/#organization\",\"name\":\"Muka\",\"url\":\"https:\/\/www.muka.eus\/fr\/\",\"logo\":{\"@type\":\"ImageObject\",\"inLanguage\":\"fr-FR\",\"@id\":\"https:\/\/www.muka.eus\/fr\/#\/schema\/logo\/image\/\",\"url\":\"https:\/\/www.muka.eus\/wp-content\/uploads\/2022\/07\/Muka.png\",\"contentUrl\":\"https:\/\/www.muka.eus\/wp-content\/uploads\/2022\/07\/Muka.png\",\"width\":1446,\"height\":578,\"caption\":\"Muka\"},\"image\":{\"@id\":\"https:\/\/www.muka.eus\/fr\/#\/schema\/logo\/image\/\"},\"sameAs\":[\"https:\/\/www.facebook.com\/MUKAdonostia\",\"https:\/\/www.instagram.com\/mukadonostia\/\"]}]}<\/script>\n<!-- \/ Yoast SEO plugin. -->","yoast_head_json":{"title":"FAQ | Muka","robots":{"index":"index","follow":"follow","max-snippet":"max-snippet:-1","max-image-preview":"max-image-preview:large","max-video-preview":"max-video-preview:-1"},"canonical":"https:\/\/www.muka.eus\/fr\/mariages-et-evenements\/faq\/","og_locale":"fr_FR","og_type":"article","og_title":"FAQ | Muka","og_description":"1. Quelle est la capacit\u00e9 du restaurant ? MUKA propose un espace spacieux et polyvalent pouvant accueillir jusqu\u2019\u00e0 170 invit\u00e9s en format banquet et 200 personnes en format cocktail, en garantissant toujours du confort et une exp\u00e9rience soign\u00e9e dans les moindres d\u00e9tails. 2. Disposez-vous d\u2019un espace ext\u00e9rieur ou d\u2019une terrasse ? Le restaurant dispose d\u2019une [&hellip;]","og_url":"https:\/\/www.muka.eus\/fr\/mariages-et-evenements\/faq\/","og_site_name":"Muka","article_publisher":"https:\/\/www.facebook.com\/MUKAdonostia","og_image":[{"width":1446,"height":578,"url":"https:\/\/www.muka.eus\/wp-content\/uploads\/2022\/07\/Muka.png","type":"image\/png"}],"twitter_card":"summary_large_image","twitter_misc":{"Dur\u00e9e de lecture estim\u00e9e":"3 minutes"},"schema":{"@context":"https:\/\/schema.org","@graph":[{"@type":"WebPage","@id":"https:\/\/www.muka.eus\/fr\/mariages-et-evenements\/faq\/","url":"https:\/\/www.muka.eus\/fr\/mariages-et-evenements\/faq\/","name":"FAQ | Muka","isPartOf":{"@id":"https:\/\/www.muka.eus\/fr\/#website"},"datePublished":"2026-03-29T15:48:56+00:00","breadcrumb":{"@id":"https:\/\/www.muka.eus\/fr\/mariages-et-evenements\/faq\/#breadcrumb"},"inLanguage":"fr-FR","potentialAction":[{"@type":"ReadAction","target":["https:\/\/www.muka.eus\/fr\/mariages-et-evenements\/faq\/"]}]},{"@type":"BreadcrumbList","@id":"https:\/\/www.muka.eus\/fr\/mariages-et-evenements\/faq\/#breadcrumb","itemListElement":[{"@type":"ListItem","position":1,"name":"Portada","item":"https:\/\/www.muka.eus\/fr\/inicio\/"},{"@type":"ListItem","position":2,"name":"Mariages et \u00e9v\u00e9nements","item":"https:\/\/www.muka.eus\/fr\/mariages-et-evenements\/"},{"@type":"ListItem","position":3,"name":"FAQ"}]},{"@type":"WebSite","@id":"https:\/\/www.muka.eus\/fr\/#website","url":"https:\/\/www.muka.eus\/fr\/","name":"Muka","description":"","publisher":{"@id":"https:\/\/www.muka.eus\/fr\/#organization"},"potentialAction":[{"@type":"SearchAction","target":{"@type":"EntryPoint","urlTemplate":"https:\/\/www.muka.eus\/fr\/?s={search_term_string}"},"query-input":{"@type":"PropertyValueSpecification","valueRequired":true,"valueName":"search_term_string"}}],"inLanguage":"fr-FR"},{"@type":"Organization","@id":"https:\/\/www.muka.eus\/fr\/#organization","name":"Muka","url":"https:\/\/www.muka.eus\/fr\/","logo":{"@type":"ImageObject","inLanguage":"fr-FR","@id":"https:\/\/www.muka.eus\/fr\/#\/schema\/logo\/image\/","url":"https:\/\/www.muka.eus\/wp-content\/uploads\/2022\/07\/Muka.png","contentUrl":"https:\/\/www.muka.eus\/wp-content\/uploads\/2022\/07\/Muka.png","width":1446,"height":578,"caption":"Muka"},"image":{"@id":"https:\/\/www.muka.eus\/fr\/#\/schema\/logo\/image\/"},"sameAs":["https:\/\/www.facebook.com\/MUKAdonostia","https:\/\/www.instagram.com\/mukadonostia\/"]}]}},"_links":{"self":[{"href":"https:\/\/www.muka.eus\/fr\/wp-json\/wp\/v2\/pages\/2000","targetHints":{"allow":["GET"]}}],"collection":[{"href":"https:\/\/www.muka.eus\/fr\/wp-json\/wp\/v2\/pages"}],"about":[{"href":"https:\/\/www.muka.eus\/fr\/wp-json\/wp\/v2\/types\/page"}],"author":[{"embeddable":true,"href":"https:\/\/www.muka.eus\/fr\/wp-json\/wp\/v2\/users\/5"}],"replies":[{"embeddable":true,"href":"https:\/\/www.muka.eus\/fr\/wp-json\/wp\/v2\/comments?post=2000"}],"version-history":[{"count":1,"href":"https:\/\/www.muka.eus\/fr\/wp-json\/wp\/v2\/pages\/2000\/revisions"}],"predecessor-version":[{"id":2001,"href":"https:\/\/www.muka.eus\/fr\/wp-json\/wp\/v2\/pages\/2000\/revisions\/2001"}],"up":[{"embeddable":true,"href":"https:\/\/www.muka.eus\/fr\/wp-json\/wp\/v2\/pages\/1988"}],"wp:attachment":[{"href":"https:\/\/www.muka.eus\/fr\/wp-json\/wp\/v2\/media?parent=2000"}],"curies":[{"name":"wp","href":"https:\/\/api.w.org\/{rel}","templated":true}]}}