{"id":392,"date":"2022-06-20T14:12:24","date_gmt":"2022-06-20T14:12:24","guid":{"rendered":"https:\/\/www.muka.eus\/?page_id=392"},"modified":"2022-07-11T13:01:23","modified_gmt":"2022-07-11T13:01:23","slug":"politique-de-cookies","status":"publish","type":"page","link":"https:\/\/www.muka.eus\/fr\/politique-de-cookies\/","title":{"rendered":"Politique de Cookies"},"content":{"rendered":"<h4>QU\u2019EST-CE QU\u2019UN COOKIE ?<\/h4>\n<p>Les cookies sont essentiels au fonctionnement d\u2019Internet ; ils ne peuvent pas endommager l\u2019\u00e9quipement ou le dispositif de l\u2019utilisateur et, s\u2019ils sont activ\u00e9s dans la configuration du navigateur, ils nous aident \u00e0 identifier et \u00e0 r\u00e9soudre les \u00e9ventuelles erreurs de fonctionnement de cette page web qui les utilise pour son bon fonctionnement et permettent de conna\u00eetre l\u2019activit\u00e9 des utilisateurs au cours de leur navigation.<br \/>\nAucun des cookies install\u00e9s sur ce site web ne peut extraire des informations d\u2019un disque dur ou voler des informations personnelles.<br \/>\nConform\u00e9ment aux dispositions l\u00e9gales, IXO RESTAURACI\u00d3N S.L. demande votre consentement pour utiliser ces cookies. Si vous n\u2019acceptez pas l\u2019utilisation des cookies, veuillez configurer votre navigateur web de mani\u00e8re \u00e0 ce qu\u2019il rejette l\u2019installation et\/ou l\u2019utilisation des cookies sur votre \u00e9quipement. Toutefois, nous vous informons que notre site web ne pourra pas \u00eatre utilis\u00e9 correctement.<\/p>\n<h4>QUELS COOKIES NOTRE SITE WEB UTILISE-T-IL ?<\/h4>\n<div class=\"table-cookies\">\n<div>\n<div><strong>Cookies<\/strong><\/div>\n<div><strong>But<\/strong><\/div>\n<div><strong>Temporalit\u00e9<\/strong><\/div>\n<div><strong>La possession<\/strong><\/div>\n<\/div>\n<div>\n<div>\n<div class=\"cookies-movil\">Cookies<\/div>\n<p>_ga<\/p>\n<\/div>\n<div>\n<div class=\"cookies-movil\">But<\/div>\n<p>Utilis\u00e9 pour distinguer les utilisateurs.<\/p>\n<\/div>\n<div>\n<div class=\"cookies-movil\">Temporalit\u00e9<\/div>\n<p>2 ann\u00e9es<\/p>\n<\/div>\n<div>\n<div class=\"cookies-movil\">La possession<\/div>\n<p>Google Analytics<\/p>\n<\/div>\n<\/div>\n<div>\n<div>\n<div class=\"cookies-movil\">Cookies<\/div>\n<p>_ga_*<\/p>\n<\/div>\n<div>\n<div class=\"cookies-movil\">Purpose<\/div>\n<p>Utilis\u00e9 pour stocker et compter les pages vues.<\/p>\n<\/div>\n<div>\n<div class=\"cookies-movil\">Temporality<\/div>\n<p>1 ann\u00e9e<\/p>\n<\/div>\n<div>\n<div class=\"cookies-movil\">Ownership<\/div>\n<p>Google Analytics<\/p>\n<\/div>\n<\/div>\n<div>\n<div>\n<div class=\"cookies-movil\">Cookies<\/div>\n<p>_fbp<\/p>\n<\/div>\n<div>\n<div class=\"cookies-movil\">But<\/div>\n<p>Utilis\u00e9 par Facebook pour fournir une s\u00e9rie de produits publicitaires tels que les ench\u00e8res en temps r\u00e9el d&rsquo;annonceurs tiers.<\/p>\n<\/div>\n<div>\n<div class=\"cookies-movil\">Temporalit\u00e9<\/div>\n<p>3 mois<\/p>\n<\/div>\n<div>\n<div class=\"cookies-movil\">La possession<\/div>\n<p>Meta Platforms, Inc.<\/p>\n<\/div>\n<\/div>\n<\/div>\n<h4>COMMENT D\u00c9SACTIVER OU SUPPRIMER LES COOKIES ?<\/h4>\n<p>Vous pourrez \u00e0 tout moment exercer votre droit de d\u00e9sactivation ou de suppression des cookies de ce site web. Ces actions sont r\u00e9alis\u00e9es diff\u00e9remment en fonction du navigateur que vous utilisez.<br \/>\nCi-dessous nous vous fournissons des informations et des liens vers les sites officiels de support technique des principaux navigateurs afin de configurer le v\u00f4tre pour que vous puissiez d\u00e9cider si vous souhaitez ou non accepter l\u2019utilisation des cookies.2<br \/>\nVous pouvez ainsi bloquer les cookies gr\u00e2ce aux outils de configuration du navigateur ou configurer votre navigateur pour qu\u2019il vous avertisse lorsque qu\u2019un serveur souhaite enregistrer un cookie :<\/p>\n<ol>\n<li>Si vous utilisez Microsoft Internet Explorer, dans la barr\u0301e de men\u00fa Outils &gt; Options Internet &gt; Confidentialit\u00e9 &gt; Configurati\u00f3n. Pour en savoir pl\u00fas, rendez-vous sur : <a href=\"http:\/\/windows.microsoft.com\/es-es\/windows-vista\/block-or-allow-cookies\">http:\/\/windows.microsoft.com\/es-es\/windows-vista\/block-or-allow-cookies<\/a> <a href=\"http:\/\/windows.microsoft.com\/es-es\/windows7\/how-to-manage-cookies-in-internet-explorer-9\">http:\/\/windows.microsoft.com\/es-es\/windows7\/how-to-manage-cookies-in-internet-explorer-9<\/a><\/li>\n<li>Si vous utilisez Firefox, dans la barr\u0301e de men\u00fa Outils &gt; Options &gt; Confidentialit\u00e9 &gt; Cookies. Pour en savoir pl\u00fas, rendez-vous sur : <a href=\"http:\/\/support.mozilla.org\/es\/kb\/habilitar-y-deshabilitar-cookies-que-los-sitios-we\">http:\/\/support.mozilla.org\/es\/kb\/habilitar-y-deshabilitar-cookies-que-los-sitios-we<\/a><\/li>\n<li>Si vous utilisez Chrome, dans la secti\u00f3n Options &gt; Options avanc\u00e9es &gt; Confidentialit\u00e9. Pour en savoir pl\u00fas, rendez-vous sur : <a href=\"http:\/\/support.google.com\/chrome\/bin\/answer.py?hl=es&amp;answer=95647\">http:\/\/support.google.com\/chrome\/bin\/answer.py?hl=es&amp;answer=95647<\/a><\/li>\n<li>Si vous utilisez Opera, vous pourrez configurer votre navigateur dans l\u2019option de S\u00e9curit\u00e9 et Confidentialit\u00e9. Pour en savoir plus, rendez-vous sur : <a href=\"http:\/\/www.opera.com\/help\/tutorials\/security\/cookies\/\">http:\/\/www.opera.com\/help\/tutorials\/security\/cookies\/<\/a><\/li>\n<\/ol>\n<h4>DONN\u00c9ES D\u2019IDENTIFICATION<\/h4>\n<p>Conform\u00e9ment \u00e0 la loi espagnole 34\/2002 relative aux services de la soci\u00e9t\u00e9 de l\u2019information et au commerce \u00e9lectronique, ainsi qu\u2019\u00e0 l\u2019ensemble de la r\u00e9glementation r\u00e9gulant le commerce \u00e9lectronique, nous vous informons que cette page web appartient \u00e0 IXO RESTAURACI\u00d3N S.L., titulaire du code d\u2019identification fiscale (CIF) B20659280 et demeurant Avenida de Zurriola, 1, Donostia\/san Sebastian, 20002 , Gipuzkoa.<\/p>\n<h4>NOTES SUPPL\u00c9MENTAIRES<\/h4>\n<p>L\u2019organisation IXO RESTAURACI\u00d3N S.L. n\u2019est pas responsable du contenu ni de la v\u00e9racit\u00e9 des politiques de confidentialit\u00e9 que peuvent avoir les tiers qui, le cas \u00e9ch\u00e9ant, sont cit\u00e9es dans cette politique des cookies.<br \/>\nLes navigateurs web sont les outils charg\u00e9s de conserver les cookies et vous devez exercer votre droit \u00e0 la suppression ou \u00e0 la d\u00e9sactivation de ceux-ci depuis cet endroit. IXO RESTAURACI\u00d3N S.L. ne peut pas garantir la manipulation correcte ou incorrecte des cookies de la part des navigateurs mentionn\u00e9s.<br \/>\nDans certains cas, il est n\u00e9cessaire d\u2019installer des cookies pour que le navigateur n\u2019oublie pas votre d\u00e9cision de ne pas les accepter.<br \/>\nPara cualquier duda o consulta acerca de esta pol\u00edtica de cookies no dude en comunicarse con nosotros dirigi\u00e9ndose por escrito a la direcci\u00f3n precedentemente indicada o la direcci\u00f3n de correo electr\u00f3nico<br \/>\nEn cas de doute ou question concernant cette politique de cookies, n\u2019h\u00e9sitez pas \u00e0 nous contacter en vous adressant par \u00e9crit \u00e0 l\u2019adresse pr\u00e9c\u00e9demment indiqu\u00e9e ou \u00e0 l\u2019adresse email <a href=\"mailto:info@muka.eus\">info@muka.eus<\/a>.<\/p>\n","protected":false},"excerpt":{"rendered":"<p>QU\u2019EST-CE QU\u2019UN COOKIE ? Les cookies sont essentiels au fonctionnement d\u2019Internet ; ils ne peuvent pas endommager l\u2019\u00e9quipement ou le dispositif de l\u2019utilisateur et, s\u2019ils sont activ\u00e9s dans la configuration du navigateur, ils nous aident \u00e0 identifier et \u00e0 r\u00e9soudre les \u00e9ventuelles erreurs de fonctionnement de cette page web qui les utilise pour son bon [&hellip;]<\/p>\n","protected":false},"author":3,"featured_media":0,"parent":0,"menu_order":0,"comment_status":"closed","ping_status":"closed","template":"page-legal.php","meta":{"_acf_changed":false,"footnotes":""},"class_list":["post-392","page","type-page","status-publish","hentry"],"acf":[],"yoast_head":"<!-- This site is optimized with the Yoast SEO plugin v26.6 - https:\/\/yoast.com\/wordpress\/plugins\/seo\/ -->\n<title>Politique de Cookies | Muka<\/title>\n<meta name=\"robots\" content=\"index, follow, max-snippet:-1, max-image-preview:large, max-video-preview:-1\" \/>\n<link rel=\"canonical\" href=\"https:\/\/www.muka.eus\/fr\/politique-de-cookies\/\" \/>\n<meta property=\"og:locale\" content=\"fr_FR\" \/>\n<meta property=\"og:type\" content=\"article\" \/>\n<meta property=\"og:title\" content=\"Politique de Cookies | Muka\" \/>\n<meta property=\"og:description\" content=\"QU\u2019EST-CE QU\u2019UN COOKIE ? Les cookies sont essentiels au fonctionnement d\u2019Internet ; ils ne peuvent pas endommager l\u2019\u00e9quipement ou le dispositif de l\u2019utilisateur et, s\u2019ils sont activ\u00e9s dans la configuration du navigateur, ils nous aident \u00e0 identifier et \u00e0 r\u00e9soudre les \u00e9ventuelles erreurs de fonctionnement de cette page web qui les utilise pour son bon [&hellip;]\" \/>\n<meta property=\"og:url\" content=\"https:\/\/www.muka.eus\/fr\/politique-de-cookies\/\" \/>\n<meta property=\"og:site_name\" content=\"Muka\" \/>\n<meta property=\"article:publisher\" content=\"https:\/\/www.facebook.com\/MUKAdonostia\" \/>\n<meta property=\"article:modified_time\" content=\"2022-07-11T13:01:23+00:00\" \/>\n<meta property=\"og:image\" content=\"https:\/\/www.muka.eus\/wp-content\/uploads\/2022\/07\/Muka.png\" \/>\n\t<meta property=\"og:image:width\" content=\"1446\" \/>\n\t<meta property=\"og:image:height\" content=\"578\" \/>\n\t<meta property=\"og:image:type\" content=\"image\/png\" \/>\n<meta name=\"twitter:card\" content=\"summary_large_image\" \/>\n<meta name=\"twitter:label1\" content=\"Dur\u00e9e de lecture estim\u00e9e\" \/>\n\t<meta name=\"twitter:data1\" content=\"4 minutes\" \/>\n<script type=\"application\/ld+json\" class=\"yoast-schema-graph\">{\"@context\":\"https:\/\/schema.org\",\"@graph\":[{\"@type\":\"WebPage\",\"@id\":\"https:\/\/www.muka.eus\/fr\/politique-de-cookies\/\",\"url\":\"https:\/\/www.muka.eus\/fr\/politique-de-cookies\/\",\"name\":\"Politique de Cookies | Muka\",\"isPartOf\":{\"@id\":\"https:\/\/www.muka.eus\/fr\/#website\"},\"datePublished\":\"2022-06-20T14:12:24+00:00\",\"dateModified\":\"2022-07-11T13:01:23+00:00\",\"breadcrumb\":{\"@id\":\"https:\/\/www.muka.eus\/fr\/politique-de-cookies\/#breadcrumb\"},\"inLanguage\":\"fr-FR\",\"potentialAction\":[{\"@type\":\"ReadAction\",\"target\":[\"https:\/\/www.muka.eus\/fr\/politique-de-cookies\/\"]}]},{\"@type\":\"BreadcrumbList\",\"@id\":\"https:\/\/www.muka.eus\/fr\/politique-de-cookies\/#breadcrumb\",\"itemListElement\":[{\"@type\":\"ListItem\",\"position\":1,\"name\":\"Portada\",\"item\":\"https:\/\/www.muka.eus\/fr\/inicio\/\"},{\"@type\":\"ListItem\",\"position\":2,\"name\":\"Politique de Cookies\"}]},{\"@type\":\"WebSite\",\"@id\":\"https:\/\/www.muka.eus\/fr\/#website\",\"url\":\"https:\/\/www.muka.eus\/fr\/\",\"name\":\"Muka\",\"description\":\"\",\"publisher\":{\"@id\":\"https:\/\/www.muka.eus\/fr\/#organization\"},\"potentialAction\":[{\"@type\":\"SearchAction\",\"target\":{\"@type\":\"EntryPoint\",\"urlTemplate\":\"https:\/\/www.muka.eus\/fr\/?s={search_term_string}\"},\"query-input\":{\"@type\":\"PropertyValueSpecification\",\"valueRequired\":true,\"valueName\":\"search_term_string\"}}],\"inLanguage\":\"fr-FR\"},{\"@type\":\"Organization\",\"@id\":\"https:\/\/www.muka.eus\/fr\/#organization\",\"name\":\"Muka\",\"url\":\"https:\/\/www.muka.eus\/fr\/\",\"logo\":{\"@type\":\"ImageObject\",\"inLanguage\":\"fr-FR\",\"@id\":\"https:\/\/www.muka.eus\/fr\/#\/schema\/logo\/image\/\",\"url\":\"https:\/\/www.muka.eus\/wp-content\/uploads\/2022\/07\/Muka.png\",\"contentUrl\":\"https:\/\/www.muka.eus\/wp-content\/uploads\/2022\/07\/Muka.png\",\"width\":1446,\"height\":578,\"caption\":\"Muka\"},\"image\":{\"@id\":\"https:\/\/www.muka.eus\/fr\/#\/schema\/logo\/image\/\"},\"sameAs\":[\"https:\/\/www.facebook.com\/MUKAdonostia\",\"https:\/\/www.instagram.com\/mukadonostia\/\"]}]}<\/script>\n<!-- \/ Yoast SEO plugin. -->","yoast_head_json":{"title":"Politique de Cookies | Muka","robots":{"index":"index","follow":"follow","max-snippet":"max-snippet:-1","max-image-preview":"max-image-preview:large","max-video-preview":"max-video-preview:-1"},"canonical":"https:\/\/www.muka.eus\/fr\/politique-de-cookies\/","og_locale":"fr_FR","og_type":"article","og_title":"Politique de Cookies | Muka","og_description":"QU\u2019EST-CE QU\u2019UN COOKIE ? Les cookies sont essentiels au fonctionnement d\u2019Internet ; ils ne peuvent pas endommager l\u2019\u00e9quipement ou le dispositif de l\u2019utilisateur et, s\u2019ils sont activ\u00e9s dans la configuration du navigateur, ils nous aident \u00e0 identifier et \u00e0 r\u00e9soudre les \u00e9ventuelles erreurs de fonctionnement de cette page web qui les utilise pour son bon [&hellip;]","og_url":"https:\/\/www.muka.eus\/fr\/politique-de-cookies\/","og_site_name":"Muka","article_publisher":"https:\/\/www.facebook.com\/MUKAdonostia","article_modified_time":"2022-07-11T13:01:23+00:00","og_image":[{"width":1446,"height":578,"url":"https:\/\/www.muka.eus\/wp-content\/uploads\/2022\/07\/Muka.png","type":"image\/png"}],"twitter_card":"summary_large_image","twitter_misc":{"Dur\u00e9e de lecture estim\u00e9e":"4 minutes"},"schema":{"@context":"https:\/\/schema.org","@graph":[{"@type":"WebPage","@id":"https:\/\/www.muka.eus\/fr\/politique-de-cookies\/","url":"https:\/\/www.muka.eus\/fr\/politique-de-cookies\/","name":"Politique de Cookies | Muka","isPartOf":{"@id":"https:\/\/www.muka.eus\/fr\/#website"},"datePublished":"2022-06-20T14:12:24+00:00","dateModified":"2022-07-11T13:01:23+00:00","breadcrumb":{"@id":"https:\/\/www.muka.eus\/fr\/politique-de-cookies\/#breadcrumb"},"inLanguage":"fr-FR","potentialAction":[{"@type":"ReadAction","target":["https:\/\/www.muka.eus\/fr\/politique-de-cookies\/"]}]},{"@type":"BreadcrumbList","@id":"https:\/\/www.muka.eus\/fr\/politique-de-cookies\/#breadcrumb","itemListElement":[{"@type":"ListItem","position":1,"name":"Portada","item":"https:\/\/www.muka.eus\/fr\/inicio\/"},{"@type":"ListItem","position":2,"name":"Politique de Cookies"}]},{"@type":"WebSite","@id":"https:\/\/www.muka.eus\/fr\/#website","url":"https:\/\/www.muka.eus\/fr\/","name":"Muka","description":"","publisher":{"@id":"https:\/\/www.muka.eus\/fr\/#organization"},"potentialAction":[{"@type":"SearchAction","target":{"@type":"EntryPoint","urlTemplate":"https:\/\/www.muka.eus\/fr\/?s={search_term_string}"},"query-input":{"@type":"PropertyValueSpecification","valueRequired":true,"valueName":"search_term_string"}}],"inLanguage":"fr-FR"},{"@type":"Organization","@id":"https:\/\/www.muka.eus\/fr\/#organization","name":"Muka","url":"https:\/\/www.muka.eus\/fr\/","logo":{"@type":"ImageObject","inLanguage":"fr-FR","@id":"https:\/\/www.muka.eus\/fr\/#\/schema\/logo\/image\/","url":"https:\/\/www.muka.eus\/wp-content\/uploads\/2022\/07\/Muka.png","contentUrl":"https:\/\/www.muka.eus\/wp-content\/uploads\/2022\/07\/Muka.png","width":1446,"height":578,"caption":"Muka"},"image":{"@id":"https:\/\/www.muka.eus\/fr\/#\/schema\/logo\/image\/"},"sameAs":["https:\/\/www.facebook.com\/MUKAdonostia","https:\/\/www.instagram.com\/mukadonostia\/"]}]}},"_links":{"self":[{"href":"https:\/\/www.muka.eus\/fr\/wp-json\/wp\/v2\/pages\/392","targetHints":{"allow":["GET"]}}],"collection":[{"href":"https:\/\/www.muka.eus\/fr\/wp-json\/wp\/v2\/pages"}],"about":[{"href":"https:\/\/www.muka.eus\/fr\/wp-json\/wp\/v2\/types\/page"}],"author":[{"embeddable":true,"href":"https:\/\/www.muka.eus\/fr\/wp-json\/wp\/v2\/users\/3"}],"replies":[{"embeddable":true,"href":"https:\/\/www.muka.eus\/fr\/wp-json\/wp\/v2\/comments?post=392"}],"version-history":[{"count":5,"href":"https:\/\/www.muka.eus\/fr\/wp-json\/wp\/v2\/pages\/392\/revisions"}],"predecessor-version":[{"id":485,"href":"https:\/\/www.muka.eus\/fr\/wp-json\/wp\/v2\/pages\/392\/revisions\/485"}],"wp:attachment":[{"href":"https:\/\/www.muka.eus\/fr\/wp-json\/wp\/v2\/media?parent=392"}],"curies":[{"name":"wp","href":"https:\/\/api.w.org\/{rel}","templated":true}]}}